{"id":85,"date":"2011-07-01T15:09:01","date_gmt":"2011-07-01T13:09:01","guid":{"rendered":"http:\/\/quentinjanicot.fr\/?page_id=85"},"modified":"2025-12-27T15:18:46","modified_gmt":"2025-12-27T14:18:46","slug":"diplome-universitaire-dosteopathie-perinatale","status":"publish","type":"page","link":"https:\/\/quentinjanicot.fr\/index.php\/mon-experience\/diplome-universitaire-dosteopathie-perinatale\/","title":{"rendered":"Dipl\u00f4me Universitaire d&rsquo;Ost\u00e9opathie P\u00e9rinatale"},"content":{"rendered":"\n<h2 class=\"wp-block-heading\">Accompagner la grossesse, le post-partum et le nourrisson en toute s\u00e9curit\u00e9<\/h2>\n\n\n\n<p>La p\u00e9riode p\u00e9rinatale constitue un temps particulier de la vie, marqu\u00e9 par des <strong>transformations corporelles, hormonales et \u00e9motionnelles majeures<\/strong>.<br>Elle n\u00e9cessite une approche sp\u00e9cifique, adapt\u00e9e et rigoureuse, tant pour la femme enceinte que pour le nourrisson.<\/p>\n\n\n<div class=\"wp-block-image\">\n<figure class=\"aligncenter size-large\"><a href=\"http:\/\/mon-osteo.fr\/site\/wp-content\/uploads\/2014\/06\/osteopathie-cranienne-pour-Bebe.jpg\"><img loading=\"lazy\" decoding=\"async\" width=\"542\" height=\"362\" src=\"http:\/\/quentinjanicot.fr\/wp-content\/uploads\/2023\/07\/shutterstock_1167409156.jpg\" alt=\"\" class=\"wp-image-192\" srcset=\"https:\/\/quentinjanicot.fr\/wp-content\/uploads\/2023\/07\/shutterstock_1167409156.jpg 542w, https:\/\/quentinjanicot.fr\/wp-content\/uploads\/2023\/07\/shutterstock_1167409156-300x200.jpg 300w\" sizes=\"auto, (max-width: 542px) 100vw, 542px\" \/><\/a><\/figure>\n<\/div>\n\n\n<p>D\u00e8s la cr\u00e9ation de mon cabinet, j\u2019ai souhait\u00e9 d\u00e9velopper une pratique ost\u00e9opathique <strong>s\u00e9curis\u00e9e et coh\u00e9rente<\/strong> avec les exigences de cette p\u00e9riode sensible.<\/p>\n\n\n\n<hr class=\"wp-block-separator has-alpha-channel-opacity\"\/>\n\n\n\n<h2 class=\"wp-block-heading\">Une formation universitaire d\u00e9di\u00e9e \u00e0 la p\u00e9rinatalit\u00e9<\/h2>\n\n\n\n<p>Dans cette optique, et en lien \u00e9troit avec ma pratique clinique ainsi qu\u2019avec ma collaboration avec des <strong>sage-femmes lib\u00e9rales<\/strong>, j\u2019ai suivi et obtenu le <strong>Dipl\u00f4me Universitaire d\u2019Ost\u00e9opathie Appliqu\u00e9e \u00e0 la P\u00e9rinatalit\u00e9<\/strong>.<\/p>\n\n\n\n<p>Ce dipl\u00f4me est dispens\u00e9 par la <strong>Facult\u00e9 de M\u00e9decine Xavier Bichat<\/strong>, au sein de l\u2019ancienne <strong>Universit\u00e9 Paris Diderot<\/strong> (aujourd\u2019hui Universit\u00e9 Paris Cit\u00e9).<\/p>\n\n\n\n<p>Il s\u2019adresse aux ost\u00e9opathes et professionnel\u00b7le\u00b7s de sant\u00e9 souhaitant approfondir leurs comp\u00e9tences dans l\u2019accompagnement de :<\/p>\n\n\n\n<ul class=\"wp-block-list\">\n<li>la grossesse,<\/li>\n\n\n\n<li>le post-partum,<\/li>\n\n\n\n<li>et les premiers mois de vie du nourrisson.<\/li>\n<\/ul>\n\n\n\n<hr class=\"wp-block-separator has-alpha-channel-opacity\"\/>\n\n\n\n<h2 class=\"wp-block-heading\">Sp\u00e9cificit\u00e9 de la p\u00e9rinatalit\u00e9 : une expertise construite, pas improvis\u00e9e<\/h2>\n\n\n\n<p>La formation initiale en ost\u00e9opathie, bien qu\u2019indispensable, <strong>ne permet pas \u00e0 elle seule de former des sp\u00e9cialistes<\/strong> de toutes les populations :<br>p\u00e9rinatalit\u00e9, sport de haut niveau, personnes \u00e2g\u00e9es, douleur chronique\u2026<\/p>\n\n\n\n<p>\ud83d\udc49 Seules la <strong>formation continue<\/strong>, l\u2019<strong>exp\u00e9rience clinique<\/strong> et le <strong>travail en r\u00e9seau<\/strong> permettent de d\u00e9velopper une expertise r\u00e9elle dans ces champs sp\u00e9cifiques.<\/p>\n\n\n\n<p>C\u2019est dans cette logique que s\u2019inscrit ce dipl\u00f4me universitaire, garant d\u2019un cadre th\u00e9orique, clinique et \u00e9thique solide.<\/p>\n\n\n\n<hr class=\"wp-block-separator has-alpha-channel-opacity\"\/>\n\n\n\n<h2 class=\"wp-block-heading\">Une approche pluridisciplinaire et m\u00e9dicale<\/h2>\n\n\n\n<p>La richesse de ce D.U. repose notamment sur la diversit\u00e9 de ses intervenant\u00b7e\u00b7s, issu\u00b7e\u00b7s de champs compl\u00e9mentaires :<\/p>\n\n\n\n<ul class=\"wp-block-list\">\n<li>m\u00e9decine (enseignant\u00b7e\u00b7s hospitalo-universitaires),<\/li>\n\n\n\n<li>ost\u00e9opathie,<\/li>\n\n\n\n<li>pr\u00e9paration \u00e0 la naissance,<\/li>\n\n\n\n<li>r\u00e9\u00e9ducation p\u00e9rin\u00e9ale,<\/li>\n\n\n\n<li>accompagnement du post-partum,<\/li>\n\n\n\n<li>et autres approches de sant\u00e9 int\u00e9grative.<\/li>\n<\/ul>\n\n\n\n<p>Cette pluralit\u00e9 permet de situer l\u2019ost\u00e9opathie <strong>\u00e0 sa juste place<\/strong>, en articulation avec les autres professionnel\u00b7le\u00b7s de la p\u00e9rinatalit\u00e9.<\/p>\n\n\n\n<hr class=\"wp-block-separator has-alpha-channel-opacity\"\/>\n\n\n\n<h2 class=\"wp-block-heading\">Une pratique clinique s\u00e9curis\u00e9e et adapt\u00e9e<\/h2>\n\n\n\n<p>Dans le cadre de la p\u00e9rinatalit\u00e9, mon approche ost\u00e9opathique repose sur :<\/p>\n\n\n\n<ul class=\"wp-block-list\">\n<li>un <strong>examen clinique rigoureux<\/strong>,<\/li>\n\n\n\n<li>des techniques <strong>douces, non invasives et adapt\u00e9es<\/strong>,<\/li>\n\n\n\n<li>une prise en compte du contexte m\u00e9dical et obst\u00e9trical,<\/li>\n\n\n\n<li>et une collaboration \u00e9troite avec les professionnel\u00b7le\u00b7s de sant\u00e9 r\u00e9f\u00e9rent\u00b7e\u00b7s lorsque cela est n\u00e9cessaire.<\/li>\n<\/ul>\n\n\n\n<p>L\u2019ost\u00e9opathie n\u2019a pas vocation \u00e0 se substituer au suivi m\u00e9dical ou sage-femme, mais \u00e0 <strong>s\u2019inscrire en compl\u00e9ment<\/strong>, lorsque cela est pertinent.<\/p>\n\n\n\n<hr class=\"wp-block-separator has-alpha-channel-opacity\"\/>\n\n\n\n<h2 class=\"wp-block-heading\">Pour qui et pour quoi consulter ?<\/h2>\n\n\n\n<p>L\u2019ost\u00e9opathie peut \u00eatre envisag\u00e9e, selon les situations, pour :<\/p>\n\n\n\n<ul class=\"wp-block-list\">\n<li>accompagner certains inconforts de la grossesse,<\/li>\n\n\n\n<li>le post-partum,<\/li>\n\n\n\n<li>ou certains troubles fonctionnels du nourrisson,<\/li>\n<\/ul>\n\n\n\n<p>toujours dans le respect des <strong>indications<\/strong>, des <strong>contre-indications<\/strong>, et des recommandations actuelles.<\/p>\n\n\n\n<hr class=\"wp-block-separator has-alpha-channel-opacity\"\/>\n\n\n\n<p>\ud83d\udc49 <strong><a href=\"https:\/\/www.doctolib.fr\/osteopathe\/paris\/quentin-janicot\" data-type=\"link\" data-id=\"https:\/\/www.doctolib.fr\/osteopathe\/paris\/quentin-janicot\" target=\"_blank\" rel=\"noreferrer noopener\">Consulter pour un suivi p\u00e9rinatal en ost\u00e9opathie<\/a><\/strong><\/p>\n","protected":false},"excerpt":{"rendered":"<p>Accompagner la grossesse, le post-partum et le nourrisson en toute s\u00e9curit\u00e9 La p\u00e9riode p\u00e9rinatale constitue un temps particulier de la vie, marqu\u00e9 par des transformations corporelles, hormonales et \u00e9motionnelles majeures.Elle n\u00e9cessite une approche sp\u00e9cifique, adapt\u00e9e et rigoureuse, tant pour la &hellip; <a href=\"https:\/\/quentinjanicot.fr\/index.php\/mon-experience\/diplome-universitaire-dosteopathie-perinatale\/\">Continuer la lecture <span class=\"meta-nav\">&rarr;<\/span><\/a><\/p>\n","protected":false},"author":1,"featured_media":0,"parent":83,"menu_order":4,"comment_status":"closed","ping_status":"closed","template":"","meta":{"footnotes":""},"class_list":["post-85","page","type-page","status-publish","hentry"],"_links":{"self":[{"href":"https:\/\/quentinjanicot.fr\/index.php\/wp-json\/wp\/v2\/pages\/85","targetHints":{"allow":["GET"]}}],"collection":[{"href":"https:\/\/quentinjanicot.fr\/index.php\/wp-json\/wp\/v2\/pages"}],"about":[{"href":"https:\/\/quentinjanicot.fr\/index.php\/wp-json\/wp\/v2\/types\/page"}],"author":[{"embeddable":true,"href":"https:\/\/quentinjanicot.fr\/index.php\/wp-json\/wp\/v2\/users\/1"}],"replies":[{"embeddable":true,"href":"https:\/\/quentinjanicot.fr\/index.php\/wp-json\/wp\/v2\/comments?post=85"}],"version-history":[{"count":3,"href":"https:\/\/quentinjanicot.fr\/index.php\/wp-json\/wp\/v2\/pages\/85\/revisions"}],"predecessor-version":[{"id":415,"href":"https:\/\/quentinjanicot.fr\/index.php\/wp-json\/wp\/v2\/pages\/85\/revisions\/415"}],"up":[{"embeddable":true,"href":"https:\/\/quentinjanicot.fr\/index.php\/wp-json\/wp\/v2\/pages\/83"}],"wp:attachment":[{"href":"https:\/\/quentinjanicot.fr\/index.php\/wp-json\/wp\/v2\/media?parent=85"}],"curies":[{"name":"wp","href":"https:\/\/api.w.org\/{rel}","templated":true}]}}