{"id":44,"date":"2011-07-01T14:22:15","date_gmt":"2011-07-01T12:22:15","guid":{"rendered":"http:\/\/quentinjanicot.fr\/?page_id=44"},"modified":"2025-12-26T16:32:37","modified_gmt":"2025-12-26T15:32:37","slug":"quand-consulter","status":"publish","type":"page","link":"https:\/\/quentinjanicot.fr\/index.php\/consulter\/quand-consulter\/","title":{"rendered":"Quand Consulter ?"},"content":{"rendered":"\n<h2 class=\"wp-block-heading\">Quand consulter un\u00b7e ost\u00e9opathe ?<\/h2>\n\n\n\n<p>Consulter un\u00b7e ost\u00e9opathe peut \u00eatre pertinent dans de nombreuses situations, d\u00e8s lors que des <strong>douleurs, des g\u00eanes fonctionnelles ou des inconforts persistants<\/strong> impactent votre quotidien.<\/p>\n\n\n\n<p>L\u2019objectif de la consultation n\u2019est pas seulement de \u00ab faire dispara\u00eetre une douleur \u00bb, mais avant tout de :<\/p>\n\n\n\n<ul class=\"wp-block-list\">\n<li><strong>comprendre la situation<\/strong>,<\/li>\n\n\n\n<li>identifier ce qui peut entretenir les sympt\u00f4mes,<\/li>\n\n\n\n<li>et proposer une prise en charge adapt\u00e9e, raisonn\u00e9e et s\u00e9curis\u00e9e.<\/li>\n<\/ul>\n\n\n\n<hr class=\"wp-block-separator has-alpha-channel-opacity\"\/>\n\n\n\n<h2 class=\"wp-block-heading\">Le r\u00f4le de l\u2019ost\u00e9opathe<\/h2>\n\n\n\n<p>Le r\u00f4le de l\u2019ost\u00e9opathe est d\u2019\u00e9valuer le fonctionnement global du corps \u00e0 partir :<\/p>\n\n\n\n<ul class=\"wp-block-list\">\n<li>d\u2019un <strong>entretien approfondi<\/strong>,<\/li>\n\n\n\n<li>d\u2019un <strong>examen clinique rigoureux<\/strong>,<\/li>\n\n\n\n<li>et d\u2019une analyse du mouvement et du contexte de vie.<\/li>\n<\/ul>\n\n\n\n<p>L\u2019ost\u00e9opathie s\u2019int\u00e9resse aux <strong>troubles fonctionnels<\/strong>, c\u2019est-\u00e0-dire \u00e0 des situations o\u00f9 le fonctionnement des structures (articulations, muscles, tissus, syst\u00e8me nerveux\u2026) est perturb\u00e9, <strong>sans qu\u2019il n\u2019existe n\u00e9cessairement de l\u00e9sion visible<\/strong>.<\/p>\n\n\n\n<p>\ud83d\udc49 Il n\u2019existe pas de diagnostic pertinent sans examen clinique :<br>chaque situation est singuli\u00e8re et n\u00e9cessite une \u00e9valuation individualis\u00e9e.<\/p>\n\n\n\n<hr class=\"wp-block-separator has-alpha-channel-opacity\"\/>\n\n\n\n<h2 class=\"wp-block-heading\">Comment se d\u00e9roule la prise en charge ?<\/h2>\n\n\n\n<p>La prise en charge ost\u00e9opathique repose sur des <strong>techniques manuelles<\/strong>, choisies en fonction de la situation, de la tol\u00e9rance du ou de la patient\u00b7e, et des objectifs d\u00e9finis ensemble.<\/p>\n\n\n\n<p>Ces techniques peuvent inclure :<\/p>\n\n\n\n<ul class=\"wp-block-list\">\n<li>des <strong>manipulations<\/strong>, lorsqu\u2019elles sont indiqu\u00e9es,<\/li>\n\n\n\n<li>des <strong>mobilisations douces<\/strong>,<\/li>\n\n\n\n<li>un travail sur les tissus mous,<\/li>\n\n\n\n<li>des conseils de mouvement, d\u2019adaptation ou de reprise d\u2019activit\u00e9.<\/li>\n<\/ul>\n\n\n\n<p>\ud83d\udc49 Les techniques ne sont jamais syst\u00e9matiques :<br><strong>l\u2019absence de manipulation peut parfois \u00eatre un choix th\u00e9rapeutique pertinent<\/strong>.<\/p>\n\n\n\n<hr class=\"wp-block-separator has-alpha-channel-opacity\"\/>\n\n\n\n<h2 class=\"wp-block-heading\">Dans quelles situations consulter ?<\/h2>\n\n\n\n<p>Une consultation peut \u00eatre indiqu\u00e9e notamment en cas de :<\/p>\n\n\n\n<h3 class=\"wp-block-heading\">Douleurs musculo-squelettiques<\/h3>\n\n\n\n<ul class=\"wp-block-list\">\n<li>entorses, tendinopathies, douleurs articulaires,<\/li>\n\n\n\n<li>douleurs de dos (lombalgies, cervicalgies),<\/li>\n\n\n\n<li>douleurs irradiantes (sciatiques, cruralgies, n\u00e9vralgies cervico-brachiales).<\/li>\n<\/ul>\n\n\n\n<h3 class=\"wp-block-heading\">Douleurs de la t\u00eate et de la m\u00e2choire<\/h3>\n\n\n\n<ul class=\"wp-block-list\">\n<li>c\u00e9phal\u00e9es, migraines,<\/li>\n\n\n\n<li>douleurs de la m\u00e2choire, troubles masticatoires,<\/li>\n\n\n\n<li>acouph\u00e8nes (dans certains contextes).<\/li>\n<\/ul>\n\n\n\n<h3 class=\"wp-block-heading\">Troubles fonctionnels digestifs ou pelviens<\/h3>\n\n\n\n<ul class=\"wp-block-list\">\n<li>reflux gastro-\u0153sophagien,<\/li>\n\n\n\n<li>constipation fonctionnelle,<\/li>\n\n\n\n<li>douleurs pelviennes.<\/li>\n<\/ul>\n\n\n\n<h3 class=\"wp-block-heading\">Accompagnement de la femme enceinte et du nourrisson<\/h3>\n\n\n\n<ul class=\"wp-block-list\">\n<li>suivi de la grossesse,<\/li>\n\n\n\n<li>accompagnement post-natal,<\/li>\n\n\n\n<li>prise en charge du nourrisson, dans un cadre prudent et adapt\u00e9.<\/li>\n<\/ul>\n\n\n\n<hr class=\"wp-block-separator has-alpha-channel-opacity\"\/>\n\n\n\n<h2 class=\"wp-block-heading\">Quand ne pas consulter (ou consulter en priorit\u00e9 un m\u00e9decin) ?<\/h2>\n\n\n\n<p>Certaines situations n\u00e9cessitent une <strong>\u00e9valuation m\u00e9dicale pr\u00e9alable ou urgente<\/strong>, notamment en cas de :<\/p>\n\n\n\n<ul class=\"wp-block-list\">\n<li>douleur brutale et inhabituelle,<\/li>\n\n\n\n<li>perte de force, de sensibilit\u00e9 ou troubles neurologiques,<\/li>\n\n\n\n<li>fi\u00e8vre, alt\u00e9ration de l\u2019\u00e9tat g\u00e9n\u00e9ral,<\/li>\n\n\n\n<li>douleur nocturne intense et inexpliqu\u00e9e.<\/li>\n<\/ul>\n\n\n\n<p>\ud83d\udc49 Dans ces cas, une <strong>orientation vers un\u00b7e m\u00e9decin<\/strong> est indispensable.<br>L\u2019ost\u00e9opathie s\u2019inscrit toujours dans un <strong>parcours de soins coordonn\u00e9<\/strong>, et non en substitution.<\/p>\n\n\n\n<hr class=\"wp-block-separator has-alpha-channel-opacity\"\/>\n\n\n\n<h2 class=\"wp-block-heading\">Une approche individualis\u00e9e et raisonn\u00e9e<\/h2>\n\n\n\n<p>Chaque consultation est construite autour :<\/p>\n\n\n\n<ul class=\"wp-block-list\">\n<li>de vos sympt\u00f4mes,<\/li>\n\n\n\n<li>de votre histoire,<\/li>\n\n\n\n<li>de votre contexte de vie (travail, stress, activit\u00e9 physique),<\/li>\n\n\n\n<li>et de vos attentes.<\/li>\n<\/ul>\n\n\n\n<p>L\u2019objectif est de proposer une prise en charge <strong>adapt\u00e9e, compr\u00e9hensible et \u00e9volutive<\/strong>, en favorisant l\u2019autonomie et en limitant les soins inutiles.<\/p>\n\n\n\n<hr class=\"wp-block-separator has-alpha-channel-opacity\"\/>\n\n\n\n<h2 class=\"wp-block-heading\">Prendre rendez-vous<\/h2>\n\n\n\n<p>Si vous vous interrogez sur l\u2019int\u00e9r\u00eat d\u2019une consultation ou souhaitez un <strong>bilan clinique personnalis\u00e9<\/strong> :<\/p>\n\n\n\n<p>\ud83d\udc49 <strong><a href=\"https:\/\/www.doctolib.fr\/osteopathe\/paris\/quentin-janicot?pid=practice-267073\" data-type=\"link\" data-id=\"https:\/\/www.doctolib.fr\/osteopathe\/paris\/quentin-janicot?pid=practice-267073\" target=\"_blank\" rel=\"noreferrer noopener\">Prendre rendez-vous pour une consultation d\u2019ost\u00e9opathie<\/a><\/strong><\/p>\n\n\n\n<p>nsemble du site.<\/p>\n\n\n\n<hr class=\"wp-block-separator has-alpha-channel-opacity\"\/>\n\n\n\n<h1 class=\"wp-block-heading\">FAQ \u2013 Quand consulter un\u00b7e ost\u00e9opathe ?<\/h1>\n\n\n\n<h2 class=\"wp-block-heading\">\u2753 Faut-il avoir mal pour consulter un\u00b7e ost\u00e9opathe ?<\/h2>\n\n\n\n<p>Pas n\u00e9cessairement.<br>Une consultation peut \u00eatre pertinente en cas de <strong>douleurs<\/strong>, mais aussi de <strong>g\u00eanes fonctionnelles<\/strong>, de limitations de mouvement ou d\u2019inconforts persistants.<\/p>\n\n\n\n<p>Certain\u00b7e\u00b7s patient\u00b7e\u00b7s consultent \u00e9galement dans une d\u00e9marche de <strong>pr\u00e9vention<\/strong>, ou pour mieux comprendre des sympt\u00f4mes r\u00e9currents.<\/p>\n\n\n\n<hr class=\"wp-block-separator has-alpha-channel-opacity\"\/>\n\n\n\n<h2 class=\"wp-block-heading\">\u2753 L\u2019ost\u00e9opathie est-elle adapt\u00e9e aux douleurs chroniques ?<\/h2>\n\n\n\n<p>Oui, dans certains contextes.<br>L\u2019ost\u00e9opathie peut s\u2019inscrire dans la prise en charge de douleurs persistantes, \u00e0 condition :<\/p>\n\n\n\n<ul class=\"wp-block-list\">\n<li>d\u2019un <strong>examen clinique rigoureux<\/strong>,<\/li>\n\n\n\n<li>d\u2019une information claire sur les objectifs r\u00e9alistes,<\/li>\n\n\n\n<li>et, si n\u00e9cessaire, d\u2019une <strong>coordination avec d\u2019autres professionnel\u00b7le\u00b7s de sant\u00e9<\/strong>.<\/li>\n<\/ul>\n\n\n\n<p>L\u2019enjeu est alors moins de \u00ab faire dispara\u00eetre \u00bb la douleur que de <strong>mieux la comprendre et l\u2019accompagner<\/strong>.<\/p>\n\n\n\n<hr class=\"wp-block-separator has-alpha-channel-opacity\"\/>\n\n\n\n<h2 class=\"wp-block-heading\">\u2753 Combien de s\u00e9ances sont n\u00e9cessaires ?<\/h2>\n\n\n\n<p>Il n\u2019existe pas de nombre de s\u00e9ances standard.<br>Cela d\u00e9pend de la situation, de l\u2019\u00e9volution des sympt\u00f4mes et des objectifs d\u00e9finis ensemble.<\/p>\n\n\n\n<p>L\u2019approche que je privil\u00e9gie vise le <strong>minimum de soins n\u00e9cessaires<\/strong>, en favorisant l\u2019autonomie et l\u2019adaptation progressive.<\/p>\n\n\n\n<hr class=\"wp-block-separator has-alpha-channel-opacity\"\/>\n\n\n\n<h2 class=\"wp-block-heading\">\u2753 Puis-je consulter sans prescription m\u00e9dicale ?<\/h2>\n\n\n\n<p>Oui.<br>L\u2019ost\u00e9opathie est accessible en <strong>acc\u00e8s direct<\/strong>.<br>Toutefois, si certains signes le justifient, une <strong>orientation m\u00e9dicale<\/strong> peut \u00eatre propos\u00e9e avant ou apr\u00e8s la consultation.<\/p>\n\n\n\n<hr class=\"wp-block-separator has-alpha-channel-opacity\"\/>\n\n\n\n<h2 class=\"wp-block-heading\">\u2753 L\u2019ost\u00e9opathie remplace-t-elle un suivi m\u00e9dical ?<\/h2>\n\n\n\n<p>Non.<br>L\u2019ost\u00e9opathie s\u2019inscrit en <strong>compl\u00e9mentarit\u00e9<\/strong> avec la m\u00e9decine conventionnelle et les autres professions de sant\u00e9, jamais en substitution.<\/p>\n","protected":false},"excerpt":{"rendered":"<p>Quand consulter un\u00b7e ost\u00e9opathe ? Consulter un\u00b7e ost\u00e9opathe peut \u00eatre pertinent dans de nombreuses situations, d\u00e8s lors que des douleurs, des g\u00eanes fonctionnelles ou des inconforts persistants impactent votre quotidien. L\u2019objectif de la consultation n\u2019est pas seulement de \u00ab faire &hellip; <a href=\"https:\/\/quentinjanicot.fr\/index.php\/consulter\/quand-consulter\/\">Continuer la lecture <span class=\"meta-nav\">&rarr;<\/span><\/a><\/p>\n","protected":false},"author":1,"featured_media":0,"parent":42,"menu_order":1,"comment_status":"closed","ping_status":"closed","template":"","meta":{"footnotes":""},"class_list":["post-44","page","type-page","status-publish","hentry"],"_links":{"self":[{"href":"https:\/\/quentinjanicot.fr\/index.php\/wp-json\/wp\/v2\/pages\/44","targetHints":{"allow":["GET"]}}],"collection":[{"href":"https:\/\/quentinjanicot.fr\/index.php\/wp-json\/wp\/v2\/pages"}],"about":[{"href":"https:\/\/quentinjanicot.fr\/index.php\/wp-json\/wp\/v2\/types\/page"}],"author":[{"embeddable":true,"href":"https:\/\/quentinjanicot.fr\/index.php\/wp-json\/wp\/v2\/users\/1"}],"replies":[{"embeddable":true,"href":"https:\/\/quentinjanicot.fr\/index.php\/wp-json\/wp\/v2\/comments?post=44"}],"version-history":[{"count":4,"href":"https:\/\/quentinjanicot.fr\/index.php\/wp-json\/wp\/v2\/pages\/44\/revisions"}],"predecessor-version":[{"id":369,"href":"https:\/\/quentinjanicot.fr\/index.php\/wp-json\/wp\/v2\/pages\/44\/revisions\/369"}],"up":[{"embeddable":true,"href":"https:\/\/quentinjanicot.fr\/index.php\/wp-json\/wp\/v2\/pages\/42"}],"wp:attachment":[{"href":"https:\/\/quentinjanicot.fr\/index.php\/wp-json\/wp\/v2\/media?parent=44"}],"curies":[{"name":"wp","href":"https:\/\/api.w.org\/{rel}","templated":true}]}}