{"id":38,"date":"2011-07-01T14:19:39","date_gmt":"2011-07-01T12:19:39","guid":{"rendered":"http:\/\/quentinjanicot.fr\/?page_id=38"},"modified":"2025-12-26T15:06:51","modified_gmt":"2025-12-26T14:06:51","slug":"cabinet-de-livry-gargan","status":"publish","type":"page","link":"https:\/\/quentinjanicot.fr\/index.php\/les-cabinets\/cabinet-de-livry-gargan\/","title":{"rendered":"Cabinet de Livry-Gargan"},"content":{"rendered":"\n<h2 class=\"wp-block-heading\">Consulter un ost\u00e9opathe \u00e0 Livry-Gargan<\/h2>\n\n\n\n<p>Je vous re\u00e7ois au cabinet d\u2019ost\u00e9opathie situ\u00e9 \u00e0 <strong>Livry-Gargan<\/strong>, au sein d\u2019un <strong>lieu de soins pluridisciplinaire<\/strong>, pens\u00e9 pour offrir un cadre confortable, accessible et propice \u00e0 une prise en charge globale.<\/p>\n\n\n<p><iframe src=\"https:\/\/www.google.com\/maps\/embed?pb=!1m14!1m8!1m3!1d10486.247504458366!2d2.535419!3d48.923739!3m2!1i1024!2i768!4f13.1!3m3!1m2!1s0x47e613f213844e39%3A0xbbdb3cfd51752ca7!2sQuentin%20Janicot!5e0!3m2!1sfr!2sfr!4v1766757311067!5m2!1sfr!2sfr\" width=\"600\" height=\"450\" style=\"border:0;\" allowfullscreen=\"\" loading=\"lazy\" referrerpolicy=\"no-referrer-when-downgrade\"><\/iframe><\/p>\n\n\n<p>Ce cabinet s\u2019inscrit dans une logique de <strong>coordination entre professionnel\u00b7le\u00b7s de sant\u00e9<\/strong>, lorsque la situation clinique le n\u00e9cessite.<\/p>\n\n\n\n<hr class=\"wp-block-separator has-alpha-channel-opacity\"\/>\n\n\n\n<h2 class=\"wp-block-heading\">Un cabinet pluridisciplinaire<\/h2>\n\n\n\n<p>Le cabinet de Livry-Gargan r\u00e9unit plusieurs professionnel\u00b7le\u00b7s de sant\u00e9, dont :<\/p>\n\n\n\n<ul class=\"wp-block-list\">\n<li>une p\u00e9dicure-podologue,<\/li>\n\n\n\n<li>une psychomotricienne,<\/li>\n\n\n\n<li>des infirmier\u00b7e\u00b7s dipl\u00f4m\u00e9\u00b7e\u00b7s d\u2019\u00c9tat,<\/li>\n\n\n\n<li>des ost\u00e9opathes.<\/li>\n<\/ul>\n\n\n\n<p>Cette organisation permet, lorsque cela est pertinent, de <strong>croiser les regards<\/strong>, d\u2019orienter ou de coordonner les prises en charge, dans l\u2019int\u00e9r\u00eat du ou de la patient\u00b7e.<\/p>\n\n\n\n<hr class=\"wp-block-separator has-alpha-channel-opacity\"\/>\n\n\n\n<h2 class=\"wp-block-heading\">Un cadre confortable et accessible<\/h2>\n\n\n\n<p>Le cabinet est install\u00e9 dans une <strong>maison individuelle<\/strong>, offrant un environnement calme et chaleureux.<br>Il dispose notamment :<\/p>\n\n\n\n<ul class=\"wp-block-list\">\n<li>d\u2019un <strong>parking d\u00e9di\u00e9 \u00e0 la patient\u00e8le<\/strong>, facilitant l\u2019acc\u00e8s,<\/li>\n\n\n\n<li>d\u2019une <strong>climatisation r\u00e9versible<\/strong>, assurant un confort optimal en toute saison,<\/li>\n\n\n\n<li>d\u2019un espace d\u2019attente et de consultation pens\u00e9 pour le bien-\u00eatre des patient\u00b7e\u00b7s.<\/li>\n<\/ul>\n\n\n\n<p>Ce cadre est particuli\u00e8rement appr\u00e9ci\u00e9 pour les consultations n\u00e9cessitant du temps, de l\u2019\u00e9coute et de la tranquillit\u00e9.<\/p>\n\n\n\n<hr class=\"wp-block-separator has-alpha-channel-opacity\"\/>\n\n\n\n<h2 class=\"wp-block-heading\">Une prise en charge individualis\u00e9e<\/h2>\n\n\n\n<p>Au cabinet de Livry-Gargan, je propose :<\/p>\n\n\n\n<ul class=\"wp-block-list\">\n<li>un <strong>examen clinique rigoureux<\/strong>,<\/li>\n\n\n\n<li>une approche individualis\u00e9e, adapt\u00e9e \u00e0 chaque situation,<\/li>\n\n\n\n<li>une information claire sur les m\u00e9canismes de la douleur et les options de prise en charge,<\/li>\n\n\n\n<li>une orientation vers d\u2019autres professionnel\u00b7le\u00b7s si n\u00e9cessaire.<\/li>\n<\/ul>\n\n\n\n<p>L\u2019objectif est d\u2019inscrire la consultation dans un <strong>parcours de soins coh\u00e9rent, s\u00e9curis\u00e9 et adapt\u00e9<\/strong>.<\/p>\n\n\n\n<hr class=\"wp-block-separator has-alpha-channel-opacity\"\/>\n\n\n\n<h2 class=\"wp-block-heading\">Prendre rendez-vous \u00e0 Livry-Gargan<\/h2>\n\n\n\n<p>\ud83d\udc49 <strong><a href=\"https:\/\/www.doctolib.fr\/osteopathe\/paris\/quentin-janicot?pid=practice-267073\" data-type=\"link\" data-id=\"https:\/\/www.doctolib.fr\/osteopathe\/paris\/quentin-janicot?pid=practice-267073\" target=\"_blank\" rel=\"noreferrer noopener\">Consulter au cabinet d\u2019ost\u00e9opathie de Livry-Gargan<\/a><\/strong><\/p>\n","protected":false},"excerpt":{"rendered":"<p>Consulter un ost\u00e9opathe \u00e0 Livry-Gargan Je vous re\u00e7ois au cabinet d\u2019ost\u00e9opathie situ\u00e9 \u00e0 Livry-Gargan, au sein d\u2019un lieu de soins pluridisciplinaire, pens\u00e9 pour offrir un cadre confortable, accessible et propice \u00e0 une prise en charge globale. Ce cabinet s\u2019inscrit dans &hellip; <a href=\"https:\/\/quentinjanicot.fr\/index.php\/les-cabinets\/cabinet-de-livry-gargan\/\">Continuer la lecture <span class=\"meta-nav\">&rarr;<\/span><\/a><\/p>\n","protected":false},"author":1,"featured_media":0,"parent":34,"menu_order":2,"comment_status":"closed","ping_status":"closed","template":"","meta":{"footnotes":""},"class_list":["post-38","page","type-page","status-publish","hentry"],"_links":{"self":[{"href":"https:\/\/quentinjanicot.fr\/index.php\/wp-json\/wp\/v2\/pages\/38","targetHints":{"allow":["GET"]}}],"collection":[{"href":"https:\/\/quentinjanicot.fr\/index.php\/wp-json\/wp\/v2\/pages"}],"about":[{"href":"https:\/\/quentinjanicot.fr\/index.php\/wp-json\/wp\/v2\/types\/page"}],"author":[{"embeddable":true,"href":"https:\/\/quentinjanicot.fr\/index.php\/wp-json\/wp\/v2\/users\/1"}],"replies":[{"embeddable":true,"href":"https:\/\/quentinjanicot.fr\/index.php\/wp-json\/wp\/v2\/comments?post=38"}],"version-history":[{"count":4,"href":"https:\/\/quentinjanicot.fr\/index.php\/wp-json\/wp\/v2\/pages\/38\/revisions"}],"predecessor-version":[{"id":362,"href":"https:\/\/quentinjanicot.fr\/index.php\/wp-json\/wp\/v2\/pages\/38\/revisions\/362"}],"up":[{"embeddable":true,"href":"https:\/\/quentinjanicot.fr\/index.php\/wp-json\/wp\/v2\/pages\/34"}],"wp:attachment":[{"href":"https:\/\/quentinjanicot.fr\/index.php\/wp-json\/wp\/v2\/media?parent=38"}],"curies":[{"name":"wp","href":"https:\/\/api.w.org\/{rel}","templated":true}]}}