{"id":36,"date":"2011-07-01T14:17:13","date_gmt":"2011-07-01T12:17:13","guid":{"rendered":"http:\/\/quentinjanicot.fr\/?page_id=36"},"modified":"2025-12-26T16:27:00","modified_gmt":"2025-12-26T15:27:00","slug":"formation-initiale-et-continue","status":"publish","type":"page","link":"https:\/\/quentinjanicot.fr\/index.php\/les-cabinets\/formation-initiale-et-continue\/","title":{"rendered":"Formation, enseignement et parcours professionnel"},"content":{"rendered":"\n<hr class=\"wp-block-separator has-alpha-channel-opacity\"\/>\n\n\n\n<h3 class=\"wp-block-heading\">Une formation initiale ancr\u00e9e dans une ost\u00e9opathie scientifique<\/h3>\n\n\n\n<p>J\u2019ai \u00e9t\u00e9 form\u00e9 initialement \u00e0 l\u2019<strong><a href=\"https:\/\/www.osteobio.net\">\u00e9cole Ost\u00e9obio<\/a><\/strong>, \u00e9tablissement pionnier dans l\u2019enseignement d\u2019une <strong>ost\u00e9opathie scientifique, critique et int\u00e9gr\u00e9e au syst\u00e8me de sant\u00e9<\/strong>.<\/p>\n\n\n\n<figure class=\"wp-block-image size-large\"><img loading=\"lazy\" decoding=\"async\" width=\"1200\" height=\"250\" src=\"https:\/\/quentinjanicot.fr\/wp-content\/uploads\/2024\/09\/img_0042-1.jpg\" alt=\"\" class=\"wp-image-246\" srcset=\"https:\/\/quentinjanicot.fr\/wp-content\/uploads\/2024\/09\/img_0042-1.jpg 1200w, https:\/\/quentinjanicot.fr\/wp-content\/uploads\/2024\/09\/img_0042-1-300x63.jpg 300w, https:\/\/quentinjanicot.fr\/wp-content\/uploads\/2024\/09\/img_0042-1-1024x213.jpg 1024w, https:\/\/quentinjanicot.fr\/wp-content\/uploads\/2024\/09\/img_0042-1-768x160.jpg 768w\" sizes=\"auto, (max-width: 1200px) 100vw, 1200px\" \/><\/figure>\n\n\n\n<p>Cette formation m\u2019a apport\u00e9 une base solide en biom\u00e9canique, en raisonnement clinique et en pratique ost\u00e9opathique, dans un cadre reconnu pour son <strong>exigence p\u00e9dagogique<\/strong> et la diversit\u00e9 de ses enseignant\u00b7e\u00b7s, issu\u00b7e\u00b7s des milieux m\u00e9dical, universitaire et ost\u00e9opathique.<\/p>\n\n\n\n<p>Ce socle a structur\u00e9 durablement ma pratique et mon positionnement professionnel.<br>J\u2019y suis d\u2019ailleurs rest\u00e9 engag\u00e9 en tant qu\u2019<strong>enseignant depuis 2016<\/strong>, participant \u00e0 la formation des futur\u00b7e\u00b7s ost\u00e9opathes autour des enjeux cliniques contemporains, de la douleur et de l\u2019esprit critique.<\/p>\n\n\n\n<hr class=\"wp-block-separator has-alpha-channel-opacity\"\/>\n\n\n\n<h3 class=\"wp-block-heading\">Approfondir la compr\u00e9hension de la douleur : une formation universitaire<\/h3>\n\n\n\n<p>Souhaitant aller au-del\u00e0 du seul cadre ost\u00e9opathique, j\u2019ai poursuivi un <strong>parcours universitaire<\/strong>, centr\u00e9 sur la compr\u00e9hension et la prise en charge de la douleur, qu\u2019elle soit aigu\u00eb ou chronique.<\/p>\n\n\n\n<p>J\u2019ai ainsi obtenu un <strong>Dipl\u00f4me Universitaire de Prise en Charge de la Douleur<\/strong> \u00e0 la Facult\u00e9 de M\u00e9decine Lariboisi\u00e8re \u2013 Saint-Louis. Cette formation m\u2019a permis d\u2019approfondir :<\/p>\n\n\n\n<ul class=\"wp-block-list\">\n<li>les m\u00e9canismes neurophysiologiques et neurocognitifs de la douleur,<\/li>\n\n\n\n<li>les mod\u00e8les actuels de compr\u00e9hension (biopsychosocial),<\/li>\n\n\n\n<li>et les strat\u00e9gies th\u00e9rapeutiques fond\u00e9es sur les donn\u00e9es scientifiques.<\/li>\n<\/ul>\n\n\n<div class=\"wp-block-image\">\n<figure class=\"aligncenter size-large\"><img loading=\"lazy\" decoding=\"async\" width=\"1080\" height=\"1080\" src=\"https:\/\/quentinjanicot.fr\/wp-content\/uploads\/2024\/09\/summer-mood.zip-1-1.png\" alt=\"\" class=\"wp-image-209\" srcset=\"https:\/\/quentinjanicot.fr\/wp-content\/uploads\/2024\/09\/summer-mood.zip-1-1.png 1080w, https:\/\/quentinjanicot.fr\/wp-content\/uploads\/2024\/09\/summer-mood.zip-1-1-300x300.png 300w, https:\/\/quentinjanicot.fr\/wp-content\/uploads\/2024\/09\/summer-mood.zip-1-1-1024x1024.png 1024w, https:\/\/quentinjanicot.fr\/wp-content\/uploads\/2024\/09\/summer-mood.zip-1-1-150x150.png 150w, https:\/\/quentinjanicot.fr\/wp-content\/uploads\/2024\/09\/summer-mood.zip-1-1-768x768.png 768w\" sizes=\"auto, (max-width: 1080px) 100vw, 1080px\" \/><\/figure>\n<\/div>\n\n\n<p>Cette approche nourrit aujourd\u2019hui directement ma pratique clinique, notamment dans l\u2019accompagnement des douleurs persistantes, des lombalgies, des c\u00e9phal\u00e9es ou des situations complexes.<\/p>\n\n\n\n<hr class=\"wp-block-separator has-alpha-channel-opacity\"\/>\n\n\n\n<h3 class=\"wp-block-heading\">Sp\u00e9cialisation en p\u00e9rinatalit\u00e9<\/h3>\n\n\n\n<p>J\u2019ai \u00e9galement obtenu un <strong>Dipl\u00f4me Universitaire d\u2019Ost\u00e9opathie Appliqu\u00e9e \u00e0 la P\u00e9rinatalit\u00e9<\/strong> \u00e0 la Facult\u00e9 de M\u00e9decine Bichat.<\/p>\n\n\n\n<p>Cette formation m\u2019a permis de d\u00e9velopper une approche sp\u00e9cifique et prudente de la prise en charge :<\/p>\n\n\n\n<ul class=\"wp-block-list\">\n<li>des femmes enceintes,<\/li>\n\n\n\n<li>des nourrissons,<\/li>\n\n\n\n<li>et du couple m\u00e8re-enfant,<\/li>\n<\/ul>\n\n\n\n<p>dans un domaine qui n\u00e9cessite une <strong>exigence clinique particuli\u00e8re<\/strong>, tant sur le plan technique que relationnel.<\/p>\n\n\n\n<hr class=\"wp-block-separator has-alpha-channel-opacity\"\/>\n\n\n\n<h3 class=\"wp-block-heading\">Formation continue : actualiser et questionner sa pratique<\/h3>\n\n\n\n<p>Convaincu que la comp\u00e9tence clinique se construit dans la dur\u00e9e, j\u2019ai suivi de nombreuses formations continues, notamment <a href=\"https:\/\/www.cfpco.fr\" data-type=\"link\" data-id=\"https:\/\/www.cfpco.fr\" target=\"_blank\" rel=\"noreferrer noopener\">avec le CFPCO<\/a>, autour de th\u00e9matiques telles que :<\/p>\n\n\n\n<ul class=\"wp-block-list\">\n<li>la douleur complexe,<\/li>\n\n\n\n<li>les c\u00e9phal\u00e9es,<\/li>\n\n\n\n<li>les troubles oro-faciaux,<\/li>\n\n\n\n<li>les douleurs irradiantes et les n\u00e9vralgies,<\/li>\n\n\n\n<li>l\u2019hypnose th\u00e9rapeutique,<\/li>\n\n\n\n<li>la neuro-science de la douleur,<\/li>\n\n\n\n<li>et les approches modernes du raisonnement clinique.<\/li>\n<\/ul>\n\n\n\n<p>Ces formations s\u2019inscrivent dans une logique d\u2019<strong>actualisation permanente<\/strong>, mais aussi de remise en question des mod\u00e8les explicatifs trop simplistes ou dogmatiques.<\/p>\n\n\n\n<hr class=\"wp-block-separator has-alpha-channel-opacity\"\/>\n\n\n\n<h3 class=\"wp-block-heading\">Enseignement et transmission<\/h3>\n\n\n\n<p>En parall\u00e8le de mon activit\u00e9 clinique, je suis engag\u00e9 depuis plusieurs ann\u00e9es dans la <strong>transmission des savoirs<\/strong>.<\/p>\n\n\n\n<ul class=\"wp-block-list\">\n<li><strong>Enseignant \u00e0 Ost\u00e9obio depuis 2016<\/strong>,<\/li>\n\n\n\n<li><strong>Formateur au CFPCO depuis 2024<\/strong>,<\/li>\n<\/ul>\n\n\n\n<p>j\u2019interviens aupr\u00e8s d\u2019\u00e9tudiant\u00b7e\u00b7s et de professionnel\u00b7le\u00b7s de sant\u00e9 sur des th\u00e9matiques li\u00e9es :<\/p>\n\n\n\n<ul class=\"wp-block-list\">\n<li>\u00e0 la douleur,<\/li>\n\n\n\n<li>au raisonnement clinique,<\/li>\n\n\n\n<li>aux effets contextuels,<\/li>\n\n\n\n<li>et \u00e0 la communication th\u00e9rapeutique.<\/li>\n<\/ul>\n\n\n\n<hr class=\"wp-block-separator has-alpha-channel-opacity\"\/>\n\n\n\n<h3 class=\"wp-block-heading\"><em>Les mots qui soignent<\/em> : une formation issue de la pratique<\/h3>\n\n\n\n<p>Dans la continuit\u00e9 de ce parcours, j\u2019ai con\u00e7u et anim\u00e9 la formation <strong><em><a href=\"https:\/\/www.cfpco.fr\/workshop\/503\/les-mots-qui-soignent-:-%E2%80%98debloquez%E2%80%99-les-patients-souffrant-de-douleurs-chroniques-!\" data-type=\"link\" data-id=\"https:\/\/www.cfpco.fr\/workshop\/503\/les-mots-qui-soignent-:-%E2%80%98debloquez%E2%80%99-les-patients-souffrant-de-douleurs-chroniques-!\" target=\"_blank\" rel=\"noreferrer noopener\">Les mots qui soignent<\/a><\/em><\/strong>, d\u00e9di\u00e9e \u00e0 l\u2019impact de la communication th\u00e9rapeutique dans la prise en charge des douleurs chroniques.<\/p>\n\n\n\n<figure class=\"wp-block-image size-large\"><img decoding=\"async\" src=\"https:\/\/www.cfpco.fr\/Images\/\/Workshops\/Les%20mots%20qui%20soignent_FAD_V2.png\" alt=\"\"\/><\/figure>\n\n\n\n<p>Cette formation explore :<\/p>\n\n\n\n<ul class=\"wp-block-list\">\n<li>les effets placebo et nocebo,<\/li>\n\n\n\n<li>l\u2019influence des explications donn\u00e9es aux patient\u00b7e\u00b7s,<\/li>\n\n\n\n<li>les m\u00e9canismes neurocognitifs impliqu\u00e9s dans la douleur,<\/li>\n\n\n\n<li>et la responsabilit\u00e9 \u00e9thique du discours soignant.<\/li>\n<\/ul>\n\n\n\n<p>Elle s\u2019appuie \u00e0 la fois sur la litt\u00e9rature scientifique r\u00e9cente et sur l\u2019exp\u00e9rience clinique, avec un objectif clair : <strong>mieux soigner sans nuire par les mots<\/strong>.<\/p>\n\n\n\n<hr class=\"wp-block-separator has-alpha-channel-opacity\"\/>\n\n\n\n<h2 class=\"wp-block-heading\">Une approche clinique int\u00e9grative et raisonn\u00e9e<\/h2>\n\n\n\n<p>Mon approche th\u00e9rapeutique repose sur une vision <strong>globale, rationnelle et int\u00e9grative<\/strong> du soin.<\/p>\n\n\n\n<figure class=\"wp-block-image size-large\"><img loading=\"lazy\" decoding=\"async\" width=\"683\" height=\"1024\" src=\"https:\/\/quentinjanicot.fr\/wp-content\/uploads\/2024\/09\/img_0045-1-683x1024.jpg\" alt=\"\" class=\"wp-image-252\" srcset=\"https:\/\/quentinjanicot.fr\/wp-content\/uploads\/2024\/09\/img_0045-1-683x1024.jpg 683w, https:\/\/quentinjanicot.fr\/wp-content\/uploads\/2024\/09\/img_0045-1-200x300.jpg 200w, https:\/\/quentinjanicot.fr\/wp-content\/uploads\/2024\/09\/img_0045-1-768x1152.jpg 768w, https:\/\/quentinjanicot.fr\/wp-content\/uploads\/2024\/09\/img_0045-1.jpg 1000w\" sizes=\"auto, (max-width: 683px) 100vw, 683px\" \/><\/figure>\n\n\n\n<p>Chaque consultation est construite \u00e0 partir :<\/p>\n\n\n\n<ul class=\"wp-block-list\">\n<li>d\u2019un examen clinique rigoureux,<\/li>\n\n\n\n<li>d\u2019une compr\u00e9hension fine de la situation de la personne,<\/li>\n\n\n\n<li>des donn\u00e9es scientifiques actuelles,<\/li>\n\n\n\n<li>et du contexte de vie (stress, rythme, contraintes professionnelles, attentes).<\/li>\n<\/ul>\n\n\n\n<p>L\u2019ost\u00e9opathie que je pratique s\u2019inscrit en <strong>compl\u00e9mentarit\u00e9 avec les autres disciplines de sant\u00e9<\/strong>, dans une logique de coop\u00e9ration et non de substitution.<\/p>\n\n\n\n<hr class=\"wp-block-separator has-alpha-channel-opacity\"\/>\n\n\n\n<h2 class=\"wp-block-heading\">Pourquoi me consulter ?<\/h2>\n\n\n\n<p>Que vous soyez sportif\u00b7ve, femme enceinte, parent, ou confront\u00e9\u00b7e \u00e0 des douleurs chroniques ou r\u00e9currentes, ma priorit\u00e9 est de vous proposer :<\/p>\n\n\n\n<ul class=\"wp-block-list\">\n<li>une prise en charge personnalis\u00e9e,<\/li>\n\n\n\n<li>des explications claires et honn\u00eates,<\/li>\n\n\n\n<li>des soins adapt\u00e9s \u00e0 votre situation r\u00e9elle,<\/li>\n\n\n\n<li>et, si n\u00e9cessaire, une orientation vers d\u2019autres professionnel\u00b7le\u00b7s de sant\u00e9.<\/li>\n<\/ul>\n\n\n\n<p>\ud83d\udc49 <strong><a href=\"https:\/\/www.doctolib.fr\/osteopathe\/paris\/quentin-janicot\" data-type=\"link\" data-id=\"https:\/\/www.doctolib.fr\/osteopathe\/paris\/quentin-janicot\" target=\"_blank\" rel=\"noreferrer noopener\">Consulter au cabinet d\u2019ost\u00e9opathie de Paris 12\u1d49<\/a><\/strong><br>\ud83d\udc49 <strong><a href=\"https:\/\/www.doctolib.fr\/osteopathe\/paris\/quentin-janicot?pid=practice-267073\" data-type=\"link\" data-id=\"https:\/\/www.doctolib.fr\/osteopathe\/paris\/quentin-janicot?pid=practice-267073\" target=\"_blank\" rel=\"noreferrer noopener\">Consulter au cabinet d\u2019ost\u00e9opathie de Livry-Gargan<\/a><\/strong><\/p>\n\n\n\n<hr class=\"wp-block-separator has-alpha-channel-opacity\"\/>\n\n\n\n<h3 class=\"wp-block-heading\">\u2753 En quoi votre formation universitaire influence-t-elle votre pratique ?<\/h3>\n\n\n\n<p>Mon <strong>Dipl\u00f4me Universitaire de Prise en Charge de la Douleur<\/strong> a profond\u00e9ment structur\u00e9 ma mani\u00e8re de comprendre et d\u2019accompagner les patient\u00b7e\u00b7s, en particulier dans les situations de douleurs persistantes ou complexes.<\/p>\n\n\n\n<p>Il m\u2019a permis :<\/p>\n\n\n\n<ul class=\"wp-block-list\">\n<li>de d\u00e9passer une lecture purement biom\u00e9canique,<\/li>\n\n\n\n<li>d\u2019int\u00e9grer les dimensions neurocognitives, \u00e9motionnelles et contextuelles,<\/li>\n\n\n\n<li>et de m\u2019inscrire dans une approche <strong>biopsychosociale<\/strong>, conforme aux recommandations actuelles.<\/li>\n<\/ul>\n\n\n\n<hr class=\"wp-block-separator has-alpha-channel-opacity\"\/>\n\n\n\n<h3 class=\"wp-block-heading\">\u2753 Qu\u2019est-ce que la formation <em>Les mots qui soignent<\/em> ?<\/h3>\n\n\n\n<p><em>Les mots qui soignent<\/em> est une formation que j\u2019ai con\u00e7ue et anim\u00e9e, d\u00e9di\u00e9e \u00e0 l\u2019impact de la <strong>communication th\u00e9rapeutique<\/strong> dans la prise en charge de la douleur chronique.<\/p>\n\n\n\n<p>Elle aborde notamment :<\/p>\n\n\n\n<ul class=\"wp-block-list\">\n<li>les effets placebo et nocebo,<\/li>\n\n\n\n<li>l\u2019influence des explications donn\u00e9es aux patient\u00b7e\u00b7s,<\/li>\n\n\n\n<li>la responsabilit\u00e9 des soignant\u00b7e\u00b7s dans la construction des croyances li\u00e9es au corps et \u00e0 la douleur.<\/li>\n<\/ul>\n\n\n\n<p>Cette formation est directement issue de la pratique clinique et de la litt\u00e9rature scientifique r\u00e9cente.<\/p>\n\n\n\n<hr class=\"wp-block-separator has-alpha-channel-opacity\"\/>\n\n\n\n<h3 class=\"wp-block-heading\">\u2753 Votre approche est-elle compatible avec la m\u00e9decine conventionnelle ?<\/h3>\n\n\n\n<p>Oui.<br>L\u2019ost\u00e9opathie que je pratique s\u2019inscrit dans une d\u00e9marche <strong>int\u00e9grative<\/strong>, en compl\u00e9mentarit\u00e9 avec la m\u00e9decine conventionnelle et les autres professions de sant\u00e9.<\/p>\n\n\n\n<p>Lorsque la situation le n\u00e9cessite, une <strong>orientation ou une coordination de soins<\/strong> peut \u00eatre propos\u00e9e.<br>L\u2019objectif n\u2019est jamais de se substituer, mais de <strong>s\u2019inscrire dans un parcours de soins coh\u00e9rent et s\u00e9curis\u00e9<\/strong>.<\/p>\n\n\n\n<hr class=\"wp-block-separator has-alpha-channel-opacity\"\/>\n\n\n\n<h3 class=\"wp-block-heading\">\u2753 Est-ce que vos formations influencent la fa\u00e7on dont vous consultez ?<\/h3>\n\n\n\n<p>Oui, tr\u00e8s directement.<br>Mon travail sur la douleur, la communication th\u00e9rapeutique et le raisonnement clinique influence :<\/p>\n\n\n\n<ul class=\"wp-block-list\">\n<li>la mani\u00e8re dont j\u2019explique les sympt\u00f4mes,<\/li>\n\n\n\n<li>les mots que j\u2019utilise,<\/li>\n\n\n\n<li>les objectifs que je propose,<\/li>\n\n\n\n<li>et la place laiss\u00e9e \u00e0 l\u2019autonomie du ou de la patient\u00b7e.<\/li>\n<\/ul>\n\n\n\n<p>Cela se traduit par une approche <strong>plus nuanc\u00e9e, plus p\u00e9dagogique et moins alarmiste<\/strong>.<\/p>\n\n\n\n<hr class=\"wp-block-separator has-alpha-channel-opacity\"\/>\n\n\n\n<h3 class=\"wp-block-heading\">\u2753 \u00c0 qui s\u2019adresse votre approche ?<\/h3>\n\n\n\n<p>Mon approche s\u2019adresse \u00e0 des patient\u00b7e\u00b7s aux profils vari\u00e9s :<\/p>\n\n\n\n<ul class=\"wp-block-list\">\n<li>personnes souffrant de douleurs chroniques ou r\u00e9currentes,<\/li>\n\n\n\n<li>sportif\u00b7ve\u00b7s,<\/li>\n\n\n\n<li>femmes enceintes et nourrissons,<\/li>\n\n\n\n<li>patient\u00b7e\u00b7s cherchant \u00e0 mieux comprendre leur douleur.<\/li>\n<\/ul>\n\n\n\n<p>Elle s\u2019adresse \u00e9galement aux professionnel\u00b7le\u00b7s et \u00e9tudiant\u00b7e\u00b7s int\u00e9ress\u00e9\u00b7e\u00b7s par une ost\u00e9opathie <strong>fond\u00e9e sur la science, la r\u00e9flexivit\u00e9 et l\u2019\u00e9thique<\/strong>.<\/p>\n","protected":false},"excerpt":{"rendered":"<p>Une formation initiale ancr\u00e9e dans une ost\u00e9opathie scientifique J\u2019ai \u00e9t\u00e9 form\u00e9 initialement \u00e0 l\u2019\u00e9cole Ost\u00e9obio, \u00e9tablissement pionnier dans l\u2019enseignement d\u2019une ost\u00e9opathie scientifique, critique et int\u00e9gr\u00e9e au syst\u00e8me de sant\u00e9. Cette formation m\u2019a apport\u00e9 une base solide en biom\u00e9canique, en raisonnement &hellip; <a href=\"https:\/\/quentinjanicot.fr\/index.php\/les-cabinets\/formation-initiale-et-continue\/\">Continuer la lecture <span class=\"meta-nav\">&rarr;<\/span><\/a><\/p>\n","protected":false},"author":1,"featured_media":0,"parent":34,"menu_order":1,"comment_status":"closed","ping_status":"closed","template":"","meta":{"footnotes":""},"class_list":["post-36","page","type-page","status-publish","hentry"],"_links":{"self":[{"href":"https:\/\/quentinjanicot.fr\/index.php\/wp-json\/wp\/v2\/pages\/36","targetHints":{"allow":["GET"]}}],"collection":[{"href":"https:\/\/quentinjanicot.fr\/index.php\/wp-json\/wp\/v2\/pages"}],"about":[{"href":"https:\/\/quentinjanicot.fr\/index.php\/wp-json\/wp\/v2\/types\/page"}],"author":[{"embeddable":true,"href":"https:\/\/quentinjanicot.fr\/index.php\/wp-json\/wp\/v2\/users\/1"}],"replies":[{"embeddable":true,"href":"https:\/\/quentinjanicot.fr\/index.php\/wp-json\/wp\/v2\/comments?post=36"}],"version-history":[{"count":10,"href":"https:\/\/quentinjanicot.fr\/index.php\/wp-json\/wp\/v2\/pages\/36\/revisions"}],"predecessor-version":[{"id":367,"href":"https:\/\/quentinjanicot.fr\/index.php\/wp-json\/wp\/v2\/pages\/36\/revisions\/367"}],"up":[{"embeddable":true,"href":"https:\/\/quentinjanicot.fr\/index.php\/wp-json\/wp\/v2\/pages\/34"}],"wp:attachment":[{"href":"https:\/\/quentinjanicot.fr\/index.php\/wp-json\/wp\/v2\/media?parent=36"}],"curies":[{"name":"wp","href":"https:\/\/api.w.org\/{rel}","templated":true}]}}