{"id":28,"date":"2011-07-01T14:09:00","date_gmt":"2011-07-01T12:09:00","guid":{"rendered":"http:\/\/quentinjanicot.fr\/?page_id=28"},"modified":"2025-02-08T13:40:40","modified_gmt":"2025-02-08T12:40:40","slug":"osteopathie-et-nourrisson","status":"publish","type":"page","link":"https:\/\/quentinjanicot.fr\/index.php\/losteopathie-biomecanique\/osteopathie-et-nourrisson\/","title":{"rendered":"Ost\u00e9opathie et Nourrisson"},"content":{"rendered":"\n<p class=\"p1\">L\u2019Ost\u00e9opathie pour les Nourrissons et les Jeunes Enfants : Un Accompagnement D\u00e8s les Premiers Mois de Vie<\/p>\n\n\n\n<p class=\"p1\"><strong>Pourquoi Consulter un Ost\u00e9opathe pour Son B\u00e9b\u00e9 ?<\/strong><\/p>\n\n\n\n<p class=\"p3\">D\u00e8s la naissance, le corps du nourrisson s\u2019adapte \u00e0 un nouvel environnement. Le passage de la vie intra-ut\u00e9rine \u00e0 la vie a\u00e9rienne impose des ajustements importants sur le plan m\u00e9canique, neurologique et physiologique. La grossesse, l\u2019accouchement et les premiers mois de vie peuvent parfois entra\u00eener des sollicitations parfois susceptibles de perturber le d\u00e9veloppement du b\u00e9b\u00e9.<\/p>\n\n\n\n<p class=\"p3\">L\u2019ost\u00e9opathie p\u00e9diatrique propose une approche douce et adapt\u00e9e pour accompagner ces transitions, en aidant l\u2019enfant \u00e0 trouver un \u00e9quilibre corporel optimal.<\/p>\n\n\n\n<figure class=\"wp-block-image size-large\"><img loading=\"lazy\" decoding=\"async\" width=\"1024\" height=\"677\" src=\"https:\/\/quentinjanicot.fr\/wp-content\/uploads\/2025\/02\/img_0269-1024x677.jpg\" alt=\"\" class=\"wp-image-318\" srcset=\"https:\/\/quentinjanicot.fr\/wp-content\/uploads\/2025\/02\/img_0269-1024x677.jpg 1024w, https:\/\/quentinjanicot.fr\/wp-content\/uploads\/2025\/02\/img_0269-300x198.jpg 300w, https:\/\/quentinjanicot.fr\/wp-content\/uploads\/2025\/02\/img_0269-768x508.jpg 768w, https:\/\/quentinjanicot.fr\/wp-content\/uploads\/2025\/02\/img_0269-1536x1016.jpg 1536w, https:\/\/quentinjanicot.fr\/wp-content\/uploads\/2025\/02\/img_0269.jpg 1920w\" sizes=\"auto, (max-width: 1024px) 100vw, 1024px\" \/><\/figure>\n\n\n\n<p class=\"p4\"><strong>Les Premi\u00e8res \u00c9tapes Cl\u00e9s du D\u00e9veloppement de l\u2019Enfant<\/strong><\/p>\n\n\n\n<p class=\"p3\">Le d\u00e9veloppement moteur et sensoriel du nourrisson suit des \u00e9tapes bien pr\u00e9cises. Chaque enfant \u00e9volue \u00e0 son rythme, mais certaines grandes phases sont essentielles \u00e0 son bon d\u00e9veloppement.<\/p>\n\n\n\n<p class=\"p3\"><span style=\"text-decoration: underline\">\u2714<\/span><span style=\"text-decoration: underline\"><strong> 0-3 mois : L\u2019adaptation au monde ext\u00e9rieur<\/strong><\/span><\/p>\n\n\n\n<p class=\"p5\">\u2022 B\u00e9b\u00e9 commence \u00e0 suivre du regard et \u00e0 r\u00e9agir aux stimulations sonores et visuelles.<\/p>\n\n\n\n<p class=\"p5\">\u2022 Son tonus musculaire \u00e9volue progressivement, lui permettant d\u2019am\u00e9liorer le contr\u00f4le de sa t\u00eate.<\/p>\n\n\n\n<p class=\"p5\">\u2022 Son syst\u00e8me digestif, encore immature, peut \u00eatre sujet \u00e0 des coliques, des reflux ou de la constipation.<\/p>\n\n\n\n<p class=\"p3\"><span style=\"text-decoration: underline\">\u2714<\/span><span style=\"text-decoration: underline\"> 3-6 mois : Les premi\u00e8res d\u00e9couvertes motrices<\/span><\/p>\n\n\n\n<p class=\"p5\">\u2022 B\u00e9b\u00e9 commence \u00e0 se retourner du dos au ventre.<\/p>\n\n\n\n<p class=\"p5\">\u2022 Il attrape et manipule de petits objets, d\u00e9veloppe sa coordination main-\u0153il.<\/p>\n\n\n\n<p class=\"p5\">\u2022 Une plagioc\u00e9phalie (t\u00eate plate) peut appara\u00eetre si le b\u00e9b\u00e9 garde toujours la m\u00eame posture ou tourne la t\u00eate du m\u00eame c\u00f4t\u00e9.<\/p>\n\n\n\n<p class=\"p3\"><span style=\"text-decoration: underline\">\u2714<\/span><span style=\"text-decoration: underline\"><strong> 6-12 mois : L\u2019exploration active<\/strong><\/span><\/p>\n\n\n\n<p class=\"p5\">\u2022 B\u00e9b\u00e9 d\u00e9couvre la position assise, puis commence \u00e0 se d\u00e9placer (ramper, quatre pattes, etc.).<\/p>\n\n\n\n<p class=\"p5\">\u2022 Il explore son environnement avec plus d\u2019autonomie, ce qui stimule sa coordination et son \u00e9quilibre.<\/p>\n\n\n\n<p class=\"p5\">\u2022 L\u2019acquisition de la marche commence \u00e0 se pr\u00e9parer : b\u00e9b\u00e9 se redresse, se met debout avec appui, puis fait ses premiers pas.<\/p>\n\n\n\n<p class=\"p3\"><span style=\"text-decoration: underline\">\u2714<\/span><span style=\"text-decoration: underline\"><strong> 12-24 mois : La marche et l\u2019ind\u00e9pendance<\/strong><\/span><\/p>\n\n\n\n<p class=\"p5\">\u2022 B\u00e9b\u00e9 marche seul et explore de plus en plus son environnement.<\/p>\n\n\n\n<p class=\"p5\">\u2022 Son \u00e9quilibre et sa posture \u00e9voluent rapidement.<\/p>\n\n\n\n<p class=\"p5\">\u2022 L\u2019apprentissage du langage progresse parall\u00e8lement aux acquisitions motrices.<\/p>\n\n\n\n<p class=\"p3\">\u00c0 chaque \u00e9tape, l\u2019ost\u00e9opathie peut jouer un r\u00f4le dans la pr\u00e9vention et l\u2019accompagnement du d\u00e9veloppement moteur et sensoriel de l\u2019enfant.<\/p>\n\n\n\n<figure class=\"wp-block-image size-large\"><img loading=\"lazy\" decoding=\"async\" width=\"1900\" height=\"1206\" src=\"https:\/\/quentinjanicot.fr\/wp-content\/uploads\/2025\/02\/img_0267-1.png\" alt=\"\" class=\"wp-image-315\" srcset=\"https:\/\/quentinjanicot.fr\/wp-content\/uploads\/2025\/02\/img_0267-1.png 1900w, https:\/\/quentinjanicot.fr\/wp-content\/uploads\/2025\/02\/img_0267-1-300x190.png 300w, https:\/\/quentinjanicot.fr\/wp-content\/uploads\/2025\/02\/img_0267-1-1024x650.png 1024w, https:\/\/quentinjanicot.fr\/wp-content\/uploads\/2025\/02\/img_0267-1-768x487.png 768w, https:\/\/quentinjanicot.fr\/wp-content\/uploads\/2025\/02\/img_0267-1-1536x975.png 1536w\" sizes=\"auto, (max-width: 1900px) 100vw, 1900px\" \/><\/figure>\n\n\n\n<p class=\"p1\"><strong>Quand Consulter un Ost\u00e9opathe P\u00e9diatrique ?<\/strong><\/p>\n\n\n\n<p class=\"p3\">Une consultation en ost\u00e9opathie peut \u00eatre b\u00e9n\u00e9fique pour les nourrissons et jeunes enfants dans plusieurs situations :<\/p>\n\n\n\n<p class=\"p3\"><span style=\"text-decoration: underline\">\u2714<\/span><span style=\"text-decoration: underline\"><strong> D\u00e8s les premiers jours de vie :<\/strong><\/span><\/p>\n\n\n\n<p class=\"p4\">\u2022 Accouchement difficile (long travail, c\u00e9sarienne, forceps, ventouse).<\/p>\n\n\n\n<p class=\"p4\">\u2022 Pr\u00e9sentation en si\u00e8ge, cordon autour du cou, souffrance f\u0153tale.<\/p>\n\n\n\n<p class=\"p4\">\u2022 Premiers signes d\u2019inconfort (pleurs excessifs, troubles du sommeil, troubles digestifs).<\/p>\n\n\n\n<p class=\"p3\"><span style=\"text-decoration: underline\">\u2714<\/span><span style=\"text-decoration: underline\"><strong> Lors des premi\u00e8res \u00e9tapes du d\u00e9veloppement :<\/strong><\/span><\/p>\n\n\n\n<p class=\"p4\">\u2022 Mobilit\u00e9 asym\u00e9trique (t\u00eate tourn\u00e9e toujours du m\u00eame c\u00f4t\u00e9, usage pr\u00e9f\u00e9rentiel d\u2019une main).<\/p>\n\n\n\n<p class=\"p4\">\u2022 Plagioc\u00e9phalie (t\u00eate plate) ou torticolis cong\u00e9nital.<\/p>\n\n\n\n<p class=\"p4\">\u2022 Difficult\u00e9s \u00e0 t\u00e9ter ou troubles de la succion.<\/p>\n\n\n\n<p class=\"p3\"><span style=\"text-decoration: underline\">\u2714<\/span><span style=\"text-decoration: underline\"><strong> En cas de troubles digestifs ou de sommeil :<\/strong><\/span><\/p>\n\n\n\n<p class=\"p4\">\u2022 Reflux gastro-\u0153sophagien (RGO), coliques du nourrisson, constipation.<\/p>\n\n\n\n<p class=\"p4\">\u2022 Pleurs inconsolables, sommeil agit\u00e9.<\/p>\n\n\n\n<p class=\"p3\"><span style=\"text-decoration: underline\">\u2714<\/span><span style=\"text-decoration: underline\"><strong> Lors de l\u2019apprentissage de la marche et du d\u00e9veloppement moteur :<\/strong><\/span><\/p>\n\n\n\n<p class=\"p4\">\u2022 Chutes fr\u00e9quentes, troubles de l\u2019\u00e9quilibre.<\/p>\n\n\n\n<p class=\"p4\">\u2022 Difficult\u00e9s \u00e0 passer certaines \u00e9tapes motrices.<\/p>\n\n\n\n<p class=\"p4\">\u2022 Douleurs ou g\u00eanes li\u00e9es \u00e0 la croissance.<\/p>\n\n\n\n<p class=\"p3\">L\u2019ost\u00e9opathie n\u2019est pas une \u00ab&nbsp;m\u00e9decine miracle&nbsp;\u00bb, mais une approche compl\u00e9mentaire qui s\u2019int\u00e8gre dans un suivi global avec le p\u00e9diatre, le m\u00e9decin traitant et d\u2019autres professionnels de sant\u00e9 si n\u00e9cessaire. En cas de doute et de question, n\u2019h\u00e9sitez pas \u00e0 contacter votre ost\u00e9opathe pour \u00e9changer sur ces questions.<\/p>\n\n\n\n<p class=\"p1\"><strong>Comment Se D\u00e9roule une S\u00e9ance d\u2019Ost\u00e9opathie pour un B\u00e9b\u00e9 ou un Enfant ?<\/strong><\/p>\n\n\n\n<p class=\"p3\">L\u2019ost\u00e9opathie p\u00e9diatrique repose sur des techniques douces et s\u00e9curis\u00e9es, adapt\u00e9es \u00e0 la physiologie du nourrisson.<\/p>\n\n\n\n<p class=\"p3\">\u2714 Bilan global et prise en compte du contexte<\/p>\n\n\n\n<p class=\"p3\">La s\u00e9ance d\u00e9bute toujours par un \u00e9change avec les parents sur le d\u00e9roulement de la grossesse et de l\u2019accouchement, ainsi que sur les comportements et \u00e9ventuels troubles observ\u00e9s chez l\u2019enfant.<\/p>\n\n\n\n<p class=\"p3\">\u2714 \u00c9valuation du corps du nourrisson<\/p>\n\n\n\n<p class=\"p3\">L\u2019ost\u00e9opathe r\u00e9alise un examen clinique en douceur pour identifier d\u2019\u00e9ventuels troubles fonctionnels qui pourraient g\u00e9n\u00e9rer un inconfort.<\/p>\n\n\n\n<p class=\"p3\">\u2714 Traitement manuel adapt\u00e9<\/p>\n\n\n\n<p class=\"p3\">Les techniques utilis\u00e9es sont exclusivement manuelles, sans manipulations brusques ni \u201ccraquements\u201d. Elles visent \u00e0 r\u00e9tablir la mobilit\u00e9 et l\u2019\u00e9quilibre corporel du b\u00e9b\u00e9 pour favoriser son confort et son bon d\u00e9veloppement.<\/p>\n\n\n\n<p class=\"p3\">\u2714 Conseils aux parents<\/p>\n\n\n\n<p class=\"p3\">L\u2019ost\u00e9opathe accompagne notamment les parents avec des recommandations adapt\u00e9es \u00e0 la vie quotidienne du b\u00e9b\u00e9 (positionnement, portage, stimulation motrice, etc.).<\/p>\n\n\n\n<p class=\"p1\"><strong>Pourquoi Choisir un Ost\u00e9opathe Sp\u00e9cialis\u00e9 en P\u00e9diatrie ?<\/strong><\/p>\n\n\n\n<p class=\"p3\">Le corps du nourrisson est en pleine croissance et demande une approche sp\u00e9cifique et adapt\u00e9e. Un ost\u00e9opathe form\u00e9 en p\u00e9diatrie conna\u00eet les particularit\u00e9s du d\u00e9veloppement de l\u2019enfant, ce qui garantit une prise en charge optimale et s\u00e9curis\u00e9e.<\/p>\n\n\n\n<p class=\"p3\">\u2714 Un accompagnement d\u00e8s les premiers jours de vie.<\/p>\n\n\n\n<p class=\"p3\">\u2714 Une prise en charge douce et respectueuse du rythme du nourrisson.<\/p>\n\n\n\n<p class=\"p3\">\u2714 Une compl\u00e9mentarit\u00e9 avec le suivi m\u00e9dical habituel (p\u00e9diatre, kin\u00e9sith\u00e9rapeute, orthophoniste).<\/p>\n\n\n\n<p class=\"p1\"><strong>Prendre Rendez-Vous<\/strong><\/p>\n\n\n\n<p class=\"p3\">Si vous souhaitez consulter pour votre b\u00e9b\u00e9 ou poser des questions sur l\u2019ost\u00e9opathie p\u00e9diatrique, vous pouvez prendre rendez-vous dans l\u2019un de mes cabinets.<\/p>\n\n\n\n<p class=\"p3\">\ud83d\udccd Cabinet de Paris 12e \u2013 47, avenue du Docteur Arnold Netter<\/p>\n\n\n\n<p class=\"p3\">\ud83d\udccd Cabinet de Livry-Gargan \u2013 10, all\u00e9e Stanislas Kubacki<\/p>\n\n\n\n<p class=\"p3\">\ud83d\udcc5 <a href=\"https:\/\/www.doctolib.fr\/osteopathe\/paris\/quentin-janicot\" target=\"_blank\" rel=\"noreferrer noopener\">Prise de rendez-vous en ligne disponible<\/a>.<\/p>\n","protected":false},"excerpt":{"rendered":"<p>L\u2019Ost\u00e9opathie pour les Nourrissons et les Jeunes Enfants : Un Accompagnement D\u00e8s les Premiers Mois de Vie Pourquoi Consulter un Ost\u00e9opathe pour Son B\u00e9b\u00e9 ? D\u00e8s la naissance, le corps du nourrisson s\u2019adapte \u00e0 un nouvel environnement. Le passage de &hellip; <a href=\"https:\/\/quentinjanicot.fr\/index.php\/losteopathie-biomecanique\/osteopathie-et-nourrisson\/\">Continuer la lecture <span class=\"meta-nav\">&rarr;<\/span><\/a><\/p>\n","protected":false},"author":1,"featured_media":0,"parent":9,"menu_order":4,"comment_status":"closed","ping_status":"closed","template":"","meta":{"footnotes":""},"class_list":["post-28","page","type-page","status-publish","hentry"],"_links":{"self":[{"href":"https:\/\/quentinjanicot.fr\/index.php\/wp-json\/wp\/v2\/pages\/28","targetHints":{"allow":["GET"]}}],"collection":[{"href":"https:\/\/quentinjanicot.fr\/index.php\/wp-json\/wp\/v2\/pages"}],"about":[{"href":"https:\/\/quentinjanicot.fr\/index.php\/wp-json\/wp\/v2\/types\/page"}],"author":[{"embeddable":true,"href":"https:\/\/quentinjanicot.fr\/index.php\/wp-json\/wp\/v2\/users\/1"}],"replies":[{"embeddable":true,"href":"https:\/\/quentinjanicot.fr\/index.php\/wp-json\/wp\/v2\/comments?post=28"}],"version-history":[{"count":4,"href":"https:\/\/quentinjanicot.fr\/index.php\/wp-json\/wp\/v2\/pages\/28\/revisions"}],"predecessor-version":[{"id":320,"href":"https:\/\/quentinjanicot.fr\/index.php\/wp-json\/wp\/v2\/pages\/28\/revisions\/320"}],"up":[{"embeddable":true,"href":"https:\/\/quentinjanicot.fr\/index.php\/wp-json\/wp\/v2\/pages\/9"}],"wp:attachment":[{"href":"https:\/\/quentinjanicot.fr\/index.php\/wp-json\/wp\/v2\/media?parent=28"}],"curies":[{"name":"wp","href":"https:\/\/api.w.org\/{rel}","templated":true}]}}