{"id":105,"date":"2011-07-01T15:26:00","date_gmt":"2011-07-01T13:26:00","guid":{"rendered":"http:\/\/quentinjanicot.fr\/?page_id=105"},"modified":"2020-03-21T15:27:22","modified_gmt":"2020-03-21T14:27:22","slug":"remboursement","status":"publish","type":"page","link":"https:\/\/quentinjanicot.fr\/index.php\/remboursement\/","title":{"rendered":"Remboursement"},"content":{"rendered":"\n<p>Les actes d\u2019ost\u00e9opathie ne peuvent <strong>en aucun cas \u00eatre rembours\u00e9s par la S\u00e9curit\u00e9 Sociale<\/strong>, qu\u2019ils soient dispens\u00e9s par un ost\u00e9opathe exclusif, un m\u00e9decin ou un kin\u00e9sith\u00e9rapeute.<\/p>\n\n\n\n<p>Toutefois, <strong>certaines Mutuelles remboursent<\/strong>, sous conditions, les s\u00e9ances d\u2019ost\u00e9opathies. En voici le listing en 2011 :<\/p>\n\n\n\n<ul class=\"wp-block-list\"><li>AGF : prend en charge les consultations d\u2019ost\u00e9opathie \u00e0 condition de souscrire au contrat \u00ab&nbsp;AGF TONUS \/ Latitude Sant\u00e9&nbsp;\u00bb.<\/li><li>AGIPI : 26 euros par s\u00e9ance (TM : 52euros\/an; Confort : 104euros\/an; Privil\u00e8ge : 156euros\/an)<\/li><li>ALPIS : angeva : 125euros\/an ; cimea : 200euros\/an<\/li><li>APICIL<\/li><li>APRICE<\/li><li>APRIL : Balin\u00e9a Sant\u00e9 formule 2 \u00e0 7 : forfait annuel 60 \u00e0 150 euros<\/li><li>Apthema Sant\u00e9 : 180euros\/an\/contrat<\/li><li>ARCIL.<\/li><li>BCA MMA.<\/li><li>Le Cabinet Vandamme rembourse dans la plupart de ses contrats l\u2019ost\u00e9opathie.<\/li><li>CAIRPSA-CARPRECA<\/li><li>Caisse de pr\u00e9voyance \u00ab La Bo\u00e9tie \u00bb<\/li><li>Caisse Compl\u00e9mentaire des Cadres.<\/li><li>Caisse des Chantiers Navals de l\u2019Atlantique.<\/li><li>CAP Mutuelle : Formule marine et saphir : 74,50euros\/an<\/li><li>CAPRICEL groupe Magdebourg<\/li><li>CAPRICEL-IRPELEC-APRICE<\/li><li>Certaines Caisses Agricoles.<\/li><li>C.M.A. (Caisse mutuelle d\u2019assurance et de pr\u00e9voyance).<\/li><li>Direct-Assurfinance rembourse environ 23 euros par consultation dans la limite de 3 consultations par an.<\/li><li>GAN.<\/li><li>Gay-pr\u00e9voyance : contrat \u00ab&nbsp;Formule 300&nbsp;\u00bb ou \u00ab&nbsp;Formule 400&nbsp;\u00bb qui remboursent jusqu\u2019\u00e0 183 euros par an.<\/li><li>Groupe BELLINI.<\/li><li>Groupe MORNAY.<\/li><li>Groupe ELVIA.<\/li><li>Groupe PRECA.<\/li><li>Groupe A.Z.U.R.<\/li><li>Groupe MOLITOR.<\/li><li>Groupe MERCER, option 3.<\/li><li>Groupe I.C.A.<\/li><li>Groupe MALAKOFF.<\/li><li>Groupe GENERALI.<\/li><li>Groupe FRANCE-MUTUELLE, m\u00e9diane 23\u20ac, optimale 30,50\u20ac par consultation<\/li><li>HARMONIE MUTUALITE : HM 100 : 25\u20ac par an ; HM 200 : 50 \u20ac par an ; HM 300 : 75 \u20ac par an<\/li><li>IRPELEC.<\/li><li>INTEGRANCE : forfait &nbsp;\u00bb ost\u00e9opathie&nbsp;\u00bb d\u2019un montant de 150 euros par an.<\/li><li>LA COMPAGNIE DES FEMMES : formule confort et s\u00e9r\u00e9nit\u00e9 : 50euros\/an<\/li><li>La Mondiale : 4 consultations maximum par an et par assur\u00e9 rembours\u00e9es \u00e0 hauteur du tarif de convention g\u00e9n\u00e9raliste.<\/li><li>Le Lien Familial<\/li><li>MCD : 20 euros\/consultation max 3 consultations<\/li><li>M\u00e9nage Pr\u00e9voyant, option plus (7,40\u20ac par visite)<\/li><li>M.F.I.F :<\/li><li>MNCI : 23\u20ac la consultation, 1 par mois \u2013 Maxi 4 consultation \/ an<\/li><li>Mutuelle Action : formule OCO et AS150 : 23euros par s\u00e9ance dans la limite de 2\/an.<\/li><li>Mutuelle Aerospatiale<\/li><li>Mutuelle Agent des Impots (MAI) : formule Vita Sant\u00e9 : 15 euros par s\u00e9ance dans la limite de 3 par an.<\/li><li>Mutuelle de l\u2019Anjou : 75 euros par an et par personne.<\/li><li>Mutuelle fam.de l\u2019Ard\u00e8che<\/li><li>Mutuelle g\u00e9n\u00e9rale des salari\u00e9s : 130\u20ac par an<\/li><li>Mutuelle PRECOCIA<\/li><li>Mutuelle de France 04<\/li><li>Mutuelle de Franche Comt\u00e9 : Pastel 15\u20ac par consultation \u2013 Marine 20\u20ac\n \u2013 Cristal 30\u20ac \u2013 Pantone 40\u20ac. Dans la limite de 3 s\u00e9ances par an<\/li><li>Mutuelle de Loire Atlantique : Tous les contrats \u00e0 partir des garanties 100%TM \u2013 10 euros par consultation 3x par an.<\/li><li>Mutuelle des Pays de Vilaine : 20\u20ac, sur la plupart des contrats, par s\u00e9ance dans la limite de 3 sur une ann\u00e9e<\/li><li>Mutuelle de la B.N.P.<\/li><li>Mutuelle de la R.A.T.P.<\/li><li>Mutuelle d\u2019organisation sociale.<\/li><li>Mutuelle du minist\u00e8re de l\u2019int\u00e9rieur : Limit\u00e9 \u00e0 6 consultations \u2013 \nOption 2 = 2,29\u20ac \/ consultation \u2013 Option 3 = 4,57\u20ac \/ consultation<\/li><li>Mutuelle du Loiret : Niveau 3 : 46\u20ac par an<\/li><li>Mutuelle du Soleil : Forfaits Sol\u00e9a 40 \u00e0 70 : 24,32\u20ac par s\u00e9ances dans la limite de 2 consultations sur l\u2019ann\u00e9e<\/li><li>Mutuelle Europ\u00e9enne de sant\u00e9 pr\u00e9voyance des agents du gaz et de l\u2019\u00e9lectricit\u00e9 : 50% sur frais r\u00e9els limit\u00e9s \u00e0 100 euros.<\/li><li>Mutuelle Familiale de l\u2019Ile de France : contrat IVOIRE : 30 \u20ac \u2013 contrat PERLE : 60\u20ac<\/li><li>Mutuelle La Choletaise : 30 euros par an<\/li><li>Mutuelle nationale territoriale : \u00e0 hauteur de 90 euros.<\/li><li>Mutuelle Pr\u00e9sence \/ Groupe ECOVI : Niveau 2 = 8\u20ac \/ consultation (5 \nconsultations \/ an) \u2013 Niveau 3 = 15\u20ac \/ consultation (5 consultations \/ \nan)<\/li><li>Mutuelle Pyren\u00e9es Bigorre : Niveau 3 = 30\u20ac par an \u2013 Niveau 4 = 40\u20ac par an<\/li><li>Mutuelle VERTE.<\/li><li>Myriade : Jusqu\u2019\u00e0 60 \u20ac par an avec les contrats Grand Confort, Excellence et Premium<\/li><li>Ociane : A partir de 90\u20ac par an dans la limite de 3 consultations par an<\/li><li>OPEGA : De 20 \u00e0 70\u20ac par s\u00e9ance selon l\u2019option choisie<\/li><li>Pavillon de la Mutualit\u00e9 : 100\u20ac par an \u00e0 partir de la formule reflex 95<\/li><li>Prado Mutuelle : Formule Niveau 3 Punch : 25\u20ac par s\u00e9ance dans la limite de 4 par an.<\/li><li>PREVIADE Mutuelle de Pr\u00e9voyance : Jusqu\u2019\u00e0 12\u20ac par s\u00e9ance dans une limite de 3 par trimestre.<\/li><li>Prevoir : Contrat \u00e9nergie : forfaits de 7 \u00e0 15\u20ac par s\u00e9ance selon option choisie<\/li><li>Radiance : Contrat \u00e9nergie : forfaits de 7 \u00e0 15\u20ac par s\u00e9ance selon option choisie<\/li><li>R\u00e9gime sp\u00e9cial d\u2019assurance maladie de la chambre du commerce et de l\u2019industrie.<\/li><li>Releya : Formule Clarelia, Kalivia , Apesia. Remboursement de 8 \u00e0 10\u20ac par s\u00e9ance selon le niveau d\u2019option choisie.<\/li><li>Soci\u00e9t\u00e9 Mutualiste du Personnel du C.C.F.<\/li><li>SMEBA : contrat &nbsp;\u00bb \u00c9cume &nbsp;\u00bb qui rembourse jusqu\u2019environ 76\u20ac par an.<\/li><li>SMI : 25\u20ac par consultation dans la limite de 3 s\u00e9ances par an<\/li><li>Soci\u00e9t\u00e9 Mutualiste Inter Professionnelle Rh\u00f4ne-Alpes<\/li><li>Swiss Life : 25 euros par seance dans la limite de 4\/an<\/li><li>UGIM : 5 \u20ac par consultation dans la limite de trois consultations par an (vitasant\u00e9)<\/li><li>UMC : 23\u20ac par consultation, maximum 10 par an.<\/li><li>Assurances Verspieren<\/li><li>VOA (verrerie ouvri\u00e8re albigeoise) rembourse 50%.<\/li><\/ul>\n","protected":false},"excerpt":{"rendered":"<p>Les actes d\u2019ost\u00e9opathie ne peuvent en aucun cas \u00eatre rembours\u00e9s par la S\u00e9curit\u00e9 Sociale, qu\u2019ils soient dispens\u00e9s par un ost\u00e9opathe exclusif, un m\u00e9decin ou un kin\u00e9sith\u00e9rapeute. Toutefois, certaines Mutuelles remboursent, sous conditions, les s\u00e9ances d\u2019ost\u00e9opathies. En voici le listing en &hellip; <a href=\"https:\/\/quentinjanicot.fr\/index.php\/remboursement\/\">Continuer la lecture <span class=\"meta-nav\">&rarr;<\/span><\/a><\/p>\n","protected":false},"author":1,"featured_media":0,"parent":0,"menu_order":6,"comment_status":"closed","ping_status":"closed","template":"","meta":{"footnotes":""},"class_list":["post-105","page","type-page","status-publish","hentry"],"_links":{"self":[{"href":"https:\/\/quentinjanicot.fr\/index.php\/wp-json\/wp\/v2\/pages\/105","targetHints":{"allow":["GET"]}}],"collection":[{"href":"https:\/\/quentinjanicot.fr\/index.php\/wp-json\/wp\/v2\/pages"}],"about":[{"href":"https:\/\/quentinjanicot.fr\/index.php\/wp-json\/wp\/v2\/types\/page"}],"author":[{"embeddable":true,"href":"https:\/\/quentinjanicot.fr\/index.php\/wp-json\/wp\/v2\/users\/1"}],"replies":[{"embeddable":true,"href":"https:\/\/quentinjanicot.fr\/index.php\/wp-json\/wp\/v2\/comments?post=105"}],"version-history":[{"count":1,"href":"https:\/\/quentinjanicot.fr\/index.php\/wp-json\/wp\/v2\/pages\/105\/revisions"}],"predecessor-version":[{"id":106,"href":"https:\/\/quentinjanicot.fr\/index.php\/wp-json\/wp\/v2\/pages\/105\/revisions\/106"}],"wp:attachment":[{"href":"https:\/\/quentinjanicot.fr\/index.php\/wp-json\/wp\/v2\/media?parent=105"}],"curies":[{"name":"wp","href":"https:\/\/api.w.org\/{rel}","templated":true}]}}